{"id":8444,"date":"2021-10-07T07:52:34","date_gmt":"2021-10-07T07:52:34","guid":{"rendered":"https:\/\/goazsocial.com\/?page_id=8444"},"modified":"2021-10-07T08:48:44","modified_gmt":"2021-10-07T08:48:44","slug":"goaz-smart-solutions","status":"publish","type":"page","link":"https:\/\/goazsocial.com\/es\/goaz-smart-solutions\/","title":{"rendered":"GOAZ SMART SOLUTIONS"},"content":{"rendered":"\n<p>GOAZ ofrece su tecnolog\u00eda de \u201cTurismo Inteligente\u201d a instituciones, agentes y agencias del sector tur\u00edstico en base a diferentes productos que mejoran la experiencia tur\u00edstica, su conocimiento del destino y su activaci\u00f3n durante su visita, anim\u00e1ndoles a realizar determinadas acciones a trav\u00e9s de recompensas utilizando nuestro token (visitas, compras, interacciones en redes sociales como me gusta, comentarios, opiniones, etc &#8230;).<\/p>\n\n\n\n<p class=\"w-100\"><strong>APP TUR\u00cdSTICA INTELIGENTE<\/strong><\/p>\n\n\n\n<p>Nuestras gu\u00edas inteligentes se adaptan a cada destino. Se activan en funci\u00f3n de la geolocalizaci\u00f3n del turista.<\/p>\n\n\n\n<p>Esta tecnolog\u00eda tambi\u00e9n se ofrece en un formato personalizable para las instituciones para que puedan ofrecer una aplicaci\u00f3n de gu\u00eda inteligente descargable a los turistas y disponible en muy poco tiempo con la marca del destino o instituci\u00f3n.<\/p>\n\n\n\n<p>Solicite m\u00e1s informaci\u00f3n <a href=\"mailto:hello@goazsocial.com\"><span class=\"has-inline-color has-luminous-vivid-orange-color\">aqu\u00ed<\/span><\/a><\/p>\n\n\n\n<p class=\"w-100\">R<strong>ECOMENDADOR DE EXPERIENCIAS INTELIGENTE<\/strong><\/p>\n\n\n\n<p>Ofrecemos la \u00faltima tecnolog\u00eda en recomendaci\u00f3n de experiencias basadas en un recomendador de inteligencia artificial totalmente integrable y adaptable para instituciones y agencias de viajes. En lugar de que el turista tenga que perder tiempo buscando ofertas o experiencias, el sistema hace determinadas preguntas en funci\u00f3n de los intereses y perfil de viajero, y recomienda al usuario cu\u00e1les son las mejores experiencias de destino para \u00e9l.<\/p>\n\n\n\n<p>Se trata de cambiar el paradigma del buscador y transformarlo o complementarlo en un recomendador, ofreciendo as\u00ed una mejor experiencia al turista en c\u00f3mo se ofrece el contenido y la informaci\u00f3n sobre el destino que quiere visitar \/ descubrir.<\/p>\n\n\n\n<p>Solicite m\u00e1s informaci\u00f3n <a href=\"mailto:hello@goazsocial.com\"><span class=\"has-inline-color has-luminous-vivid-orange-color\">aqu\u00ed<\/span><\/a><\/p>\n\n\n\n<p class=\"w-100\"><strong>TOKEN<\/strong><\/p>\n\n\n\n<p>Nuestro sistema de tokenizaci\u00f3n basado en tecnolog\u00eda blockchain nos permite ofrecer tokens GOAZ a los turistas en funci\u00f3n de las acciones que realizan en el destino, desde que llegan hasta que se van &#8230; visitas, consumos, recomendaciones y publicaciones realizadas por el destino en sus redes sociales (viralizaci\u00f3n de su experiencia de destino con el mundo), etc.<\/p>\n\n\n\n<p>Adaptamos el token GOAZ al destino tur\u00edstico y a los turistas de dicho destino para que puedan tener GOAZ como recompensa y canjearlo con lo que quieran (compras o consumos, descuentos, devoluci\u00f3n a dinero en moneda FIAT de su billetera o Exchange que cada turista puede tener, etc &#8230;).<\/p>\n\n\n\n<p>Solicite m\u00e1s informaci\u00f3n <a href=\"mailto:hello@goazsocial.com\"><span class=\"has-inline-color has-luminous-vivid-orange-color\">aqu\u00ed<\/span><\/a><\/p>\n","protected":false},"excerpt":{"rendered":"<p>GOAZ ofrece su tecnolog\u00eda de \u201cTurismo Inteligente\u201d a instituciones, agentes y agencias del sector tur\u00edstico en base a diferentes productos que mejoran la experiencia tur\u00edstica, su conocimiento del destino y su activaci\u00f3n durante su visita, anim\u00e1ndoles a realizar determinadas acciones a trav\u00e9s de recompensas utilizando nuestro token (visitas, compras, interacciones en redes sociales como me [&hellip;]<\/p>\n","protected":false},"author":4,"featured_media":0,"parent":0,"menu_order":0,"comment_status":"closed","ping_status":"closed","template":"goazacercade.php","meta":[],"acf":[],"yoast_head":"<!-- This site is optimized with the Yoast SEO plugin v17.3 - https:\/\/yoast.com\/wordpress\/plugins\/seo\/ -->\n<title>GOAZ SMART SOLUTIONS - Goaz-Recomendador de viajes<\/title>\n<meta name=\"robots\" content=\"index, follow, max-snippet:-1, max-image-preview:large, max-video-preview:-1\" \/>\n<link rel=\"canonical\" href=\"https:\/\/goazsocial.com\/es\/goaz-smart-solutions\/\" \/>\n<meta property=\"og:locale\" content=\"es_ES\" \/>\n<meta property=\"og:type\" content=\"article\" \/>\n<meta property=\"og:title\" content=\"GOAZ SMART SOLUTIONS - Goaz-Recomendador de viajes\" \/>\n<meta property=\"og:description\" content=\"GOAZ ofrece su tecnolog\u00eda de \u201cTurismo Inteligente\u201d a instituciones, agentes y agencias del sector tur\u00edstico en base a diferentes productos que mejoran la experiencia tur\u00edstica, su conocimiento del destino y su activaci\u00f3n durante su visita, anim\u00e1ndoles a realizar determinadas acciones a trav\u00e9s de recompensas utilizando nuestro token (visitas, compras, interacciones en redes sociales como me [&hellip;]\" \/>\n<meta property=\"og:url\" content=\"https:\/\/goazsocial.com\/es\/goaz-smart-solutions\/\" \/>\n<meta property=\"og:site_name\" content=\"Goaz-Recomendador de viajes\" \/>\n<meta property=\"article:publisher\" content=\"https:\/\/www.facebook.com\/GOAZsocial\/\" \/>\n<meta property=\"article:modified_time\" content=\"2021-10-07T08:48:44+00:00\" \/>\n<meta name=\"twitter:card\" content=\"summary_large_image\" \/>\n<meta name=\"twitter:site\" content=\"@goaz_social\" \/>\n<meta name=\"twitter:label1\" content=\"Tiempo de lectura\" \/>\n\t<meta name=\"twitter:data1\" content=\"2 minutos\" \/>\n<script type=\"application\/ld+json\" class=\"yoast-schema-graph\">{\"@context\":\"https:\/\/schema.org\",\"@graph\":[{\"@type\":\"Organization\",\"@id\":\"https:\/\/goazsocial.com\/es\/#organization\",\"name\":\"GOAZ\",\"url\":\"https:\/\/goazsocial.com\/es\/\",\"sameAs\":[\"https:\/\/www.facebook.com\/GOAZsocial\/\",\"https:\/\/www.instagram.com\/goaz_social\/\",\"https:\/\/www.linkedin.com\/company\/goaz-social\/?originalSubdomain=es\",\"https:\/\/twitter.com\/goaz_social\"],\"logo\":{\"@type\":\"ImageObject\",\"@id\":\"https:\/\/goazsocial.com\/es\/#logo\",\"inLanguage\":\"es\",\"url\":\"https:\/\/goazsocial.com\/wp-content\/uploads\/2020\/07\/Goaz-Logo.png\",\"contentUrl\":\"https:\/\/goazsocial.com\/wp-content\/uploads\/2020\/07\/Goaz-Logo.png\",\"width\":2560,\"height\":2560,\"caption\":\"GOAZ\"},\"image\":{\"@id\":\"https:\/\/goazsocial.com\/es\/#logo\"}},{\"@type\":\"WebSite\",\"@id\":\"https:\/\/goazsocial.com\/es\/#website\",\"url\":\"https:\/\/goazsocial.com\/es\/\",\"name\":\"Goaz-Recomendador de viajes\",\"description\":\"GOAZ es el recomendador de viajes inteligente que elige tu destino ideal\",\"publisher\":{\"@id\":\"https:\/\/goazsocial.com\/es\/#organization\"},\"potentialAction\":[{\"@type\":\"SearchAction\",\"target\":{\"@type\":\"EntryPoint\",\"urlTemplate\":\"https:\/\/goazsocial.com\/es\/?s={search_term_string}\"},\"query-input\":\"required name=search_term_string\"}],\"inLanguage\":\"es\"},{\"@type\":\"WebPage\",\"@id\":\"https:\/\/goazsocial.com\/es\/goaz-smart-solutions\/#webpage\",\"url\":\"https:\/\/goazsocial.com\/es\/goaz-smart-solutions\/\",\"name\":\"GOAZ SMART SOLUTIONS - Goaz-Recomendador de viajes\",\"isPartOf\":{\"@id\":\"https:\/\/goazsocial.com\/es\/#website\"},\"datePublished\":\"2021-10-07T07:52:34+00:00\",\"dateModified\":\"2021-10-07T08:48:44+00:00\",\"breadcrumb\":{\"@id\":\"https:\/\/goazsocial.com\/es\/goaz-smart-solutions\/#breadcrumb\"},\"inLanguage\":\"es\",\"potentialAction\":[{\"@type\":\"ReadAction\",\"target\":[\"https:\/\/goazsocial.com\/es\/goaz-smart-solutions\/\"]}]},{\"@type\":\"BreadcrumbList\",\"@id\":\"https:\/\/goazsocial.com\/es\/goaz-smart-solutions\/#breadcrumb\",\"itemListElement\":[{\"@type\":\"ListItem\",\"position\":1,\"name\":\"Portada\",\"item\":\"https:\/\/goazsocial.com\/es\/\"},{\"@type\":\"ListItem\",\"position\":2,\"name\":\"GOAZ SMART SOLUTIONS\"}]}]}<\/script>\n<!-- \/ Yoast SEO plugin. -->","yoast_head_json":{"title":"GOAZ SMART SOLUTIONS - Goaz-Recomendador de viajes","robots":{"index":"index","follow":"follow","max-snippet":"max-snippet:-1","max-image-preview":"max-image-preview:large","max-video-preview":"max-video-preview:-1"},"canonical":"https:\/\/goazsocial.com\/es\/goaz-smart-solutions\/","og_locale":"es_ES","og_type":"article","og_title":"GOAZ SMART SOLUTIONS - Goaz-Recomendador de viajes","og_description":"GOAZ ofrece su tecnolog\u00eda de \u201cTurismo Inteligente\u201d a instituciones, agentes y agencias del sector tur\u00edstico en base a diferentes productos que mejoran la experiencia tur\u00edstica, su conocimiento del destino y su activaci\u00f3n durante su visita, anim\u00e1ndoles a realizar determinadas acciones a trav\u00e9s de recompensas utilizando nuestro token (visitas, compras, interacciones en redes sociales como me [&hellip;]","og_url":"https:\/\/goazsocial.com\/es\/goaz-smart-solutions\/","og_site_name":"Goaz-Recomendador de viajes","article_publisher":"https:\/\/www.facebook.com\/GOAZsocial\/","article_modified_time":"2021-10-07T08:48:44+00:00","twitter_card":"summary_large_image","twitter_site":"@goaz_social","twitter_misc":{"Tiempo de lectura":"2 minutos"},"schema":{"@context":"https:\/\/schema.org","@graph":[{"@type":"Organization","@id":"https:\/\/goazsocial.com\/es\/#organization","name":"GOAZ","url":"https:\/\/goazsocial.com\/es\/","sameAs":["https:\/\/www.facebook.com\/GOAZsocial\/","https:\/\/www.instagram.com\/goaz_social\/","https:\/\/www.linkedin.com\/company\/goaz-social\/?originalSubdomain=es","https:\/\/twitter.com\/goaz_social"],"logo":{"@type":"ImageObject","@id":"https:\/\/goazsocial.com\/es\/#logo","inLanguage":"es","url":"https:\/\/goazsocial.com\/wp-content\/uploads\/2020\/07\/Goaz-Logo.png","contentUrl":"https:\/\/goazsocial.com\/wp-content\/uploads\/2020\/07\/Goaz-Logo.png","width":2560,"height":2560,"caption":"GOAZ"},"image":{"@id":"https:\/\/goazsocial.com\/es\/#logo"}},{"@type":"WebSite","@id":"https:\/\/goazsocial.com\/es\/#website","url":"https:\/\/goazsocial.com\/es\/","name":"Goaz-Recomendador de viajes","description":"GOAZ es el recomendador de viajes inteligente que elige tu destino ideal","publisher":{"@id":"https:\/\/goazsocial.com\/es\/#organization"},"potentialAction":[{"@type":"SearchAction","target":{"@type":"EntryPoint","urlTemplate":"https:\/\/goazsocial.com\/es\/?s={search_term_string}"},"query-input":"required name=search_term_string"}],"inLanguage":"es"},{"@type":"WebPage","@id":"https:\/\/goazsocial.com\/es\/goaz-smart-solutions\/#webpage","url":"https:\/\/goazsocial.com\/es\/goaz-smart-solutions\/","name":"GOAZ SMART SOLUTIONS - Goaz-Recomendador de viajes","isPartOf":{"@id":"https:\/\/goazsocial.com\/es\/#website"},"datePublished":"2021-10-07T07:52:34+00:00","dateModified":"2021-10-07T08:48:44+00:00","breadcrumb":{"@id":"https:\/\/goazsocial.com\/es\/goaz-smart-solutions\/#breadcrumb"},"inLanguage":"es","potentialAction":[{"@type":"ReadAction","target":["https:\/\/goazsocial.com\/es\/goaz-smart-solutions\/"]}]},{"@type":"BreadcrumbList","@id":"https:\/\/goazsocial.com\/es\/goaz-smart-solutions\/#breadcrumb","itemListElement":[{"@type":"ListItem","position":1,"name":"Portada","item":"https:\/\/goazsocial.com\/es\/"},{"@type":"ListItem","position":2,"name":"GOAZ SMART SOLUTIONS"}]}]}},"featured_image_src":null,"featured_image_src_square":null,"_links":{"self":[{"href":"https:\/\/goazsocial.com\/es\/wp-json\/wp\/v2\/pages\/8444"}],"collection":[{"href":"https:\/\/goazsocial.com\/es\/wp-json\/wp\/v2\/pages"}],"about":[{"href":"https:\/\/goazsocial.com\/es\/wp-json\/wp\/v2\/types\/page"}],"author":[{"embeddable":true,"href":"https:\/\/goazsocial.com\/es\/wp-json\/wp\/v2\/users\/4"}],"replies":[{"embeddable":true,"href":"https:\/\/goazsocial.com\/es\/wp-json\/wp\/v2\/comments?post=8444"}],"version-history":[{"count":2,"href":"https:\/\/goazsocial.com\/es\/wp-json\/wp\/v2\/pages\/8444\/revisions"}],"predecessor-version":[{"id":8457,"href":"https:\/\/goazsocial.com\/es\/wp-json\/wp\/v2\/pages\/8444\/revisions\/8457"}],"wp:attachment":[{"href":"https:\/\/goazsocial.com\/es\/wp-json\/wp\/v2\/media?parent=8444"}],"curies":[{"name":"wp","href":"https:\/\/api.w.org\/{rel}","templated":true}]}}